{"id":11,"date":"2024-06-06T00:33:51","date_gmt":"2024-06-05T21:33:51","guid":{"rendered":"https:\/\/bet365-official-india.org\/?page_id=11"},"modified":"2024-06-10T03:35:47","modified_gmt":"2024-06-10T00:35:47","slug":"bet365-a-leading-world-class-bookmaker","status":"publish","type":"page","link":"https:\/\/bet365-official-india.org\/pt\/bet365-a-leading-world-class-bookmaker\/","title":{"rendered":"Bet365: Um Corretor de Apostas L\u00edder de Classe Mundial"},"content":{"rendered":"<p><span style=\"font-weight: 400;\">Bet365 &#8211; um dos maiores e mais respeitados sites de apostas do mundo, oferecendo uma ampla gama de servi\u00e7os em apostas esportivas e jogos de azar. Fundada em 2000 no Reino Unido, a Bet365 rapidamente ganhou popularidade devido \u00e0 sua inova\u00e7\u00e3o, confiabilidade e excelente atendimento ao cliente. Neste artigo, vamos analisar os principais aspectos que fazem da Bet365 uma das principais casas de apostas globais.<\/span><\/p>\n<h2><b>Ampla Variedade de Apostas Esportivas<\/b><\/h2>\n<p><span style=\"font-weight: 400;\">A Bet365 oferece aos seus usu\u00e1rios a oportunidade de apostar em uma enorme variedade de eventos esportivos. Os esportes oferecidos incluem:<\/span><\/p>\n<ul>\n<li style=\"font-weight: 400;\" aria-level=\"1\"><b>Futebol<\/b><span style=\"font-weight: 400;\">: Apostas em todas as principais ligas e torneios, incluindo a Premier League, La Liga, Bundesliga, Liga dos Campe\u00f5es e muitos outros.<\/span><\/li>\n<li style=\"font-weight: 400;\" aria-level=\"1\"><b>Cr\u00edquete<\/b><span style=\"font-weight: 400;\">: Aten\u00e7\u00e3o especial \u00e9 dada ao cr\u00edquete, especialmente popular na \u00cdndia, com op\u00e7\u00f5es de apostas na IPL, partidas internacionais e outros torneios significativos.<\/span><\/li>\n<li style=\"font-weight: 400;\" aria-level=\"1\"><b>T\u00eanis<\/b><span style=\"font-weight: 400;\">: Apostas em todos os principais torneios, incluindo torneios Grand Slam, ATP e WTA.<\/span><\/li>\n<li style=\"font-weight: 400;\" aria-level=\"1\"><b>Basquete<\/b><span style=\"font-weight: 400;\">: NBA, Euroleague e outras competi\u00e7\u00f5es internacionais.<\/span><\/li>\n<li style=\"font-weight: 400;\" aria-level=\"1\"><b>E-sports<\/b><span style=\"font-weight: 400;\">: Uma ampla variedade de apostas em disciplinas populares de e-sports.<\/span><\/li>\n<\/ul>\n<h2><b>Transmiss\u00e3o ao Vivo e Apostas em Tempo Real<\/b><\/h2>\n<p><span style=\"font-weight: 400;\">Uma das principais caracter\u00edsticas da Bet365 \u00e9 a capacidade de fazer apostas em tempo real. A plataforma oferece:<\/span><\/p>\n<ul>\n<li style=\"font-weight: 400;\" aria-level=\"1\"><b>Transmiss\u00e3o ao Vivo<\/b><span style=\"font-weight: 400;\">: A Bet365 transmite mais de 140.000 eventos esportivos por ano, permitindo que os usu\u00e1rios assistam aos jogos e fa\u00e7am apostas simultaneamente.<\/span><\/li>\n<li style=\"font-weight: 400;\" aria-level=\"1\"><b>Apostas em Tempo Real<\/b><span style=\"font-weight: 400;\">: Os usu\u00e1rios podem fazer apostas durante a partida, utilizando odds que mudam dinamicamente.<\/span><\/li>\n<\/ul>\n<h2><b>Cassino e Jogos de Azar<\/b><\/h2>\n<p><span style=\"font-weight: 400;\">Al\u00e9m das apostas esportivas, a Bet365 oferece uma variedade de jogos de azar, incluindo:<\/span><\/p>\n<ul>\n<li style=\"font-weight: 400;\" aria-level=\"1\"><b>Ca\u00e7a-n\u00edqueis<\/b><span style=\"font-weight: 400;\">: Uma enorme sele\u00e7\u00e3o de m\u00e1quinas ca\u00e7a-n\u00edqueis com diversos temas e recursos de b\u00f4nus.<\/span><\/li>\n<li style=\"font-weight: 400;\" aria-level=\"1\"><b>Jogos de Mesa<\/b><span style=\"font-weight: 400;\">: Jogos cl\u00e1ssicos como blackjack, roleta e bacar\u00e1.<\/span><\/li>\n<li style=\"font-weight: 400;\" aria-level=\"1\"><b>Cassino Ao Vivo<\/b><span style=\"font-weight: 400;\">: Jogos com dealers ao vivo em tempo real, criando a atmosfera de um cassino real.<\/span><\/li>\n<\/ul>\n<h2><b>Aplicativo M\u00f3vel<\/b><\/h2>\n<p><span style=\"font-weight: 400;\">A Bet365 oferece um aplicativo m\u00f3vel conveniente, dispon\u00edvel para dispositivos iOS e Android. O aplicativo permite que os usu\u00e1rios fa\u00e7am apostas, assistam \u00e0s transmiss\u00f5es e gerenciem suas contas a qualquer momento e em qualquer lugar.<\/span><\/p>\n<h2><b>Seguran\u00e7a e Confiabilidade<\/b><\/h2>\n<p><span style=\"font-weight: 400;\">A Bet365 dedica aten\u00e7\u00e3o especial \u00e0 seguran\u00e7a de seus usu\u00e1rios. A plataforma utiliza tecnologias avan\u00e7adas de criptografia para proteger dados pessoais e transa\u00e7\u00f5es financeiras. A Bet365 tamb\u00e9m \u00e9 regulamentada e licenciada por autoridades respeit\u00e1veis, garantindo a justi\u00e7a e transpar\u00eancia de todas as opera\u00e7\u00f5es.<\/span><\/p>\n<h2><b>B\u00f4nus e Promo\u00e7\u00f5es<\/b><\/h2>\n<p><span style=\"font-weight: 400;\">A Bet365 oferece diversos b\u00f4nus e promo\u00e7\u00f5es para novos e antigos usu\u00e1rios. As ofertas populares incluem:<\/span><\/p>\n<ul>\n<li style=\"font-weight: 400;\" aria-level=\"1\"><b>B\u00f4nus de Boas-Vindas<\/b><span style=\"font-weight: 400;\">: B\u00f4nus generosos no primeiro dep\u00f3sito para novos jogadores.<\/span><\/li>\n<li style=\"font-weight: 400;\" aria-level=\"1\"><b>Apostas Gr\u00e1tis<\/b><span style=\"font-weight: 400;\">: Promo\u00e7\u00f5es que permitem aos usu\u00e1rios receber apostas gr\u00e1tis em diversos eventos esportivos.<\/span><\/li>\n<li style=\"font-weight: 400;\" aria-level=\"1\"><b>Cashback<\/b><span style=\"font-weight: 400;\">: Retorno parcial de fundos perdidos na forma de cashback.<\/span><\/li>\n<\/ul>\n<h2><b>Suporte ao Cliente<\/b><\/h2>\n<p><span style=\"font-weight: 400;\">A Bet365 oferece suporte ao cliente de alta qualidade por meio de diversos canais, incluindo:<\/span><\/p>\n<ul>\n<li style=\"font-weight: 400;\" aria-level=\"1\"><b>Chat ao Vivo<\/b><span style=\"font-weight: 400;\">: Suporte em tempo real, 24 horas por dia.<\/span><\/li>\n<li style=\"font-weight: 400;\" aria-level=\"1\"><b>Email<\/b><span style=\"font-weight: 400;\">: Respostas r\u00e1pidas para perguntas.<\/span><\/li>\n<li style=\"font-weight: 400;\" aria-level=\"1\"><b>Telefone<\/b><span style=\"font-weight: 400;\">: Capacidade de contatar representantes de suporte por telefone.<\/span><\/li>\n<\/ul>\n<p><span style=\"font-weight: 400;\">Bet365 \u00e9 uma casa de apostas confi\u00e1vel e inovadora que oferece aos seus usu\u00e1rios amplas oportunidades para apostas esportivas e jogos de azar. Com uma ampla variedade de eventos esportivos, apostas em tempo real, um aplicativo m\u00f3vel de qualidade e excelente suporte ao cliente, a Bet365 ocupa legitimamente uma posi\u00e7\u00e3o de lideran\u00e7a no mercado. Seja voc\u00ea um iniciante ou um jogador experiente, a Bet365 fornece todas as ferramentas necess\u00e1rias para apostas bem-sucedidas e jogos emocionantes. Junte-se \u00e0 Bet365 e desfrute de uma experi\u00eancia de jogo incompar\u00e1vel!<\/span><\/p>\n","protected":false},"excerpt":{"rendered":"<p>Bet365 &#8211; um dos maiores e mais respeitados sites de apostas do mundo, oferecendo uma ampla gama de servi\u00e7os em apostas esportivas e jogos de azar. Fundada em 2000 no&#8230;<\/p>\n","protected":false},"author":1,"featured_media":0,"parent":0,"menu_order":0,"comment_status":"closed","ping_status":"closed","template":"page-templates\/no-sidebar.php","meta":{"footnotes":""},"class_list":["post-11","page","type-page","status-publish","hentry"],"yoast_head":"<!-- This site is optimized with the Yoast SEO plugin v27.2 - https:\/\/yoast.com\/product\/yoast-seo-wordpress\/ -->\n<title>\u0412\u0435\u0434\u0443\u0449\u0438\u0439 \u043c\u0438\u0440\u043e\u0432\u043e\u0439 \u0431\u0443\u043a\u043c\u0435\u043a\u0435\u0440 Bet365<\/title>\n<meta name=\"description\" content=\"A Melhor Casa de Apostas na \u00cdndia Bet365. Aposte em Esportes. Futebol, Cr\u00edquete, H\u00f3quei. Apostas nos Melhores Eventos Esportivos do Mundo\" \/>\n<meta name=\"robots\" content=\"index, follow, max-snippet:-1, max-image-preview:large, max-video-preview:-1\" \/>\n<link rel=\"canonical\" href=\"https:\/\/bet365-official-india.org\/pt\/bet365-a-leading-world-class-bookmaker\/\" \/>\n<meta property=\"og:locale\" content=\"pt_PT\" \/>\n<meta property=\"og:locale:alternate\" content=\"ru_RU\" \/>\n<meta property=\"og:locale:alternate\" content=\"en_US\" \/>\n<meta property=\"og:locale:alternate\" content=\"es_ES\" \/>\n<meta property=\"og:locale:alternate\" content=\"fr_FR\" \/>\n<meta property=\"og:locale:alternate\" content=\"bg_BG\" \/>\n<meta property=\"og:locale:alternate\" content=\"sr_RS\" \/>\n<meta property=\"og:type\" content=\"article\" \/>\n<meta property=\"og:title\" content=\"\u0412\u0435\u0434\u0443\u0449\u0438\u0439 \u043c\u0438\u0440\u043e\u0432\u043e\u0439 \u0431\u0443\u043a\u043c\u0435\u043a\u0435\u0440 Bet365\" \/>\n<meta property=\"og:description\" content=\"\u041b\u0443\u0447\u0448\u0438\u0439 \u0431\u0443\u043a\u043c\u0435\u043a\u0435\u0440 \u0432 \u0418\u043d\u0434\u0438\u0438 Bet365. \u0414\u0435\u043b\u0430\u0442\u044c \u0441\u0442\u0430\u0432\u043a\u0438 \u043d\u0430 \u0441\u043f\u043e\u0440\u0442. \u0424\u0443\u0442\u0431\u043e\u043b, \u043a\u0440\u0438\u043a\u0435\u0442, \u0445\u043e\u043a\u043a\u0435\u0439. \u0421\u0442\u0430\u0432\u043a\u0438 \u043d\u0430 \u043b\u0443\u0447\u0448\u0438\u0435 \u0441\u043f\u043e\u0440\u0442\u0438\u0432\u043d\u044b\u0435 \u0441\u043e\u0431\u044b\u0442\u0438\u044f \u0432 \u043c\u0438\u0440\u0435\" \/>\n<meta property=\"og:url\" content=\"https:\/\/bet365-official-india.org\/pt\/bet365-a-leading-world-class-bookmaker\/\" \/>\n<meta property=\"og:site_name\" content=\"India\" \/>\n<meta property=\"article:modified_time\" content=\"2024-06-10T00:35:47+00:00\" \/>\n<meta name=\"twitter:card\" content=\"summary_large_image\" \/>\n<meta name=\"twitter:label1\" content=\"Tempo estimado de leitura\" \/>\n\t<meta name=\"twitter:data1\" content=\"12 minutos\" \/>\n<script type=\"application\/ld+json\" class=\"yoast-schema-graph\">{\"@context\":\"https:\/\/schema.org\",\"@graph\":[{\"@type\":\"WebPage\",\"@id\":\"https:\/\/bet365-official-india.org\/bet365-a-leading-world-class-bookmaker\/\",\"url\":\"https:\/\/bet365-official-india.org\/bet365-a-leading-world-class-bookmaker\/\",\"name\":\"\u0412\u0435\u0434\u0443\u0449\u0438\u0439 \u043c\u0438\u0440\u043e\u0432\u043e\u0439 \u0431\u0443\u043a\u043c\u0435\u043a\u0435\u0440 Bet365\",\"isPartOf\":{\"@id\":\"https:\/\/bet365-official-india.org\/#website\"},\"datePublished\":\"2024-06-05T21:33:51+00:00\",\"dateModified\":\"2024-06-10T00:35:47+00:00\",\"description\":\"\u041b\u0443\u0447\u0448\u0438\u0439 \u0431\u0443\u043a\u043c\u0435\u043a\u0435\u0440 \u0432 \u0418\u043d\u0434\u0438\u0438 Bet365. \u0414\u0435\u043b\u0430\u0442\u044c \u0441\u0442\u0430\u0432\u043a\u0438 \u043d\u0430 \u0441\u043f\u043e\u0440\u0442. \u0424\u0443\u0442\u0431\u043e\u043b, \u043a\u0440\u0438\u043a\u0435\u0442, \u0445\u043e\u043a\u043a\u0435\u0439. \u0421\u0442\u0430\u0432\u043a\u0438 \u043d\u0430 \u043b\u0443\u0447\u0448\u0438\u0435 \u0441\u043f\u043e\u0440\u0442\u0438\u0432\u043d\u044b\u0435 \u0441\u043e\u0431\u044b\u0442\u0438\u044f \u0432 \u043c\u0438\u0440\u0435\",\"breadcrumb\":{\"@id\":\"https:\/\/bet365-official-india.org\/bet365-a-leading-world-class-bookmaker\/#breadcrumb\"},\"inLanguage\":\"pt-PT\",\"potentialAction\":[{\"@type\":\"ReadAction\",\"target\":[\"https:\/\/bet365-official-india.org\/bet365-a-leading-world-class-bookmaker\/\"]}]},{\"@type\":\"BreadcrumbList\",\"@id\":\"https:\/\/bet365-official-india.org\/bet365-a-leading-world-class-bookmaker\/#breadcrumb\",\"itemListElement\":[{\"@type\":\"ListItem\",\"position\":1,\"name\":\"Home\",\"item\":\"https:\/\/bet365-official-india.org\/\"},{\"@type\":\"ListItem\",\"position\":2,\"name\":\"Bet365: \u0412\u0435\u0434\u0443\u0449\u0438\u0439 \u0431\u0443\u043a\u043c\u0435\u043a\u0435\u0440 \u043c\u0438\u0440\u043e\u0432\u043e\u0433\u043e \u0443\u0440\u043e\u0432\u043d\u044f\"}]},{\"@type\":\"WebSite\",\"@id\":\"https:\/\/bet365-official-india.org\/#website\",\"url\":\"https:\/\/bet365-official-india.org\/\",\"name\":\"India\",\"description\":\"\",\"potentialAction\":[{\"@type\":\"SearchAction\",\"target\":{\"@type\":\"EntryPoint\",\"urlTemplate\":\"https:\/\/bet365-official-india.org\/?s={search_term_string}\"},\"query-input\":{\"@type\":\"PropertyValueSpecification\",\"valueRequired\":true,\"valueName\":\"search_term_string\"}}],\"inLanguage\":\"pt-PT\"}]}<\/script>\n<!-- \/ Yoast SEO plugin. -->","yoast_head_json":{"title":"\u0412\u0435\u0434\u0443\u0449\u0438\u0439 \u043c\u0438\u0440\u043e\u0432\u043e\u0439 \u0431\u0443\u043a\u043c\u0435\u043a\u0435\u0440 Bet365","description":"A Melhor Casa de Apostas na \u00cdndia Bet365. Aposte em Esportes. Futebol, Cr\u00edquete, H\u00f3quei. Apostas nos Melhores Eventos Esportivos do Mundo","robots":{"index":"index","follow":"follow","max-snippet":"max-snippet:-1","max-image-preview":"max-image-preview:large","max-video-preview":"max-video-preview:-1"},"canonical":"https:\/\/bet365-official-india.org\/pt\/bet365-a-leading-world-class-bookmaker\/","og_locale":"pt_PT","og_type":"article","og_title":"\u0412\u0435\u0434\u0443\u0449\u0438\u0439 \u043c\u0438\u0440\u043e\u0432\u043e\u0439 \u0431\u0443\u043a\u043c\u0435\u043a\u0435\u0440 Bet365","og_description":"\u041b\u0443\u0447\u0448\u0438\u0439 \u0431\u0443\u043a\u043c\u0435\u043a\u0435\u0440 \u0432 \u0418\u043d\u0434\u0438\u0438 Bet365. \u0414\u0435\u043b\u0430\u0442\u044c \u0441\u0442\u0430\u0432\u043a\u0438 \u043d\u0430 \u0441\u043f\u043e\u0440\u0442. \u0424\u0443\u0442\u0431\u043e\u043b, \u043a\u0440\u0438\u043a\u0435\u0442, \u0445\u043e\u043a\u043a\u0435\u0439. \u0421\u0442\u0430\u0432\u043a\u0438 \u043d\u0430 \u043b\u0443\u0447\u0448\u0438\u0435 \u0441\u043f\u043e\u0440\u0442\u0438\u0432\u043d\u044b\u0435 \u0441\u043e\u0431\u044b\u0442\u0438\u044f \u0432 \u043c\u0438\u0440\u0435","og_url":"https:\/\/bet365-official-india.org\/pt\/bet365-a-leading-world-class-bookmaker\/","og_site_name":"India","article_modified_time":"2024-06-10T00:35:47+00:00","twitter_card":"summary_large_image","twitter_misc":{"Tempo estimado de leitura":"12 minutos"},"schema":{"@context":"https:\/\/schema.org","@graph":[{"@type":"WebPage","@id":"https:\/\/bet365-official-india.org\/bet365-a-leading-world-class-bookmaker\/","url":"https:\/\/bet365-official-india.org\/bet365-a-leading-world-class-bookmaker\/","name":"\u0412\u0435\u0434\u0443\u0449\u0438\u0439 \u043c\u0438\u0440\u043e\u0432\u043e\u0439 \u0431\u0443\u043a\u043c\u0435\u043a\u0435\u0440 Bet365","isPartOf":{"@id":"https:\/\/bet365-official-india.org\/#website"},"datePublished":"2024-06-05T21:33:51+00:00","dateModified":"2024-06-10T00:35:47+00:00","description":"\u041b\u0443\u0447\u0448\u0438\u0439 \u0431\u0443\u043a\u043c\u0435\u043a\u0435\u0440 \u0432 \u0418\u043d\u0434\u0438\u0438 Bet365. \u0414\u0435\u043b\u0430\u0442\u044c \u0441\u0442\u0430\u0432\u043a\u0438 \u043d\u0430 \u0441\u043f\u043e\u0440\u0442. \u0424\u0443\u0442\u0431\u043e\u043b, \u043a\u0440\u0438\u043a\u0435\u0442, \u0445\u043e\u043a\u043a\u0435\u0439. \u0421\u0442\u0430\u0432\u043a\u0438 \u043d\u0430 \u043b\u0443\u0447\u0448\u0438\u0435 \u0441\u043f\u043e\u0440\u0442\u0438\u0432\u043d\u044b\u0435 \u0441\u043e\u0431\u044b\u0442\u0438\u044f \u0432 \u043c\u0438\u0440\u0435","breadcrumb":{"@id":"https:\/\/bet365-official-india.org\/bet365-a-leading-world-class-bookmaker\/#breadcrumb"},"inLanguage":"pt-PT","potentialAction":[{"@type":"ReadAction","target":["https:\/\/bet365-official-india.org\/bet365-a-leading-world-class-bookmaker\/"]}]},{"@type":"BreadcrumbList","@id":"https:\/\/bet365-official-india.org\/bet365-a-leading-world-class-bookmaker\/#breadcrumb","itemListElement":[{"@type":"ListItem","position":1,"name":"Home","item":"https:\/\/bet365-official-india.org\/"},{"@type":"ListItem","position":2,"name":"Bet365: \u0412\u0435\u0434\u0443\u0449\u0438\u0439 \u0431\u0443\u043a\u043c\u0435\u043a\u0435\u0440 \u043c\u0438\u0440\u043e\u0432\u043e\u0433\u043e \u0443\u0440\u043e\u0432\u043d\u044f"}]},{"@type":"WebSite","@id":"https:\/\/bet365-official-india.org\/#website","url":"https:\/\/bet365-official-india.org\/","name":"India","description":"","potentialAction":[{"@type":"SearchAction","target":{"@type":"EntryPoint","urlTemplate":"https:\/\/bet365-official-india.org\/?s={search_term_string}"},"query-input":{"@type":"PropertyValueSpecification","valueRequired":true,"valueName":"search_term_string"}}],"inLanguage":"pt-PT"}]}},"_links":{"self":[{"href":"https:\/\/bet365-official-india.org\/pt\/wp-json\/wp\/v2\/pages\/11","targetHints":{"allow":["GET"]}}],"collection":[{"href":"https:\/\/bet365-official-india.org\/pt\/wp-json\/wp\/v2\/pages"}],"about":[{"href":"https:\/\/bet365-official-india.org\/pt\/wp-json\/wp\/v2\/types\/page"}],"author":[{"embeddable":true,"href":"https:\/\/bet365-official-india.org\/pt\/wp-json\/wp\/v2\/users\/1"}],"replies":[{"embeddable":true,"href":"https:\/\/bet365-official-india.org\/pt\/wp-json\/wp\/v2\/comments?post=11"}],"version-history":[{"count":14,"href":"https:\/\/bet365-official-india.org\/pt\/wp-json\/wp\/v2\/pages\/11\/revisions"}],"predecessor-version":[{"id":79,"href":"https:\/\/bet365-official-india.org\/pt\/wp-json\/wp\/v2\/pages\/11\/revisions\/79"}],"wp:attachment":[{"href":"https:\/\/bet365-official-india.org\/pt\/wp-json\/wp\/v2\/media?parent=11"}],"curies":[{"name":"wp","href":"https:\/\/api.w.org\/{rel}","templated":true}]}}