{"id":7,"date":"2024-06-06T00:32:01","date_gmt":"2024-06-05T21:32:01","guid":{"rendered":"https:\/\/bet365-official-india.org\/?page_id=7"},"modified":"2024-06-10T03:35:43","modified_gmt":"2024-06-10T00:35:43","slug":"bet365-india","status":"publish","type":"page","link":"https:\/\/bet365-official-india.org\/es\/","title":{"rendered":"Bet365 India"},"content":{"rendered":"<p><span style=\"font-weight: 400;\">Bet365 es uno de los principales casinos en l\u00ednea y casas de apuestas del mundo, ahora disponible para jugadores de la India. Te ofrecemos una experiencia de juego emocionante con numerosas oportunidades para apuestas deportivas, casino, p\u00f3ker y mucho m\u00e1s. Nuestro casino es conocido por su alto nivel de seguridad, variedad de juegos y m\u00e9todos de pago convenientes.<\/span><\/p>\n<h2><b>Sobre Nosotros<\/b><\/h2>\n<p><span style=\"font-weight: 400;\">Bet365 es una plataforma global de juegos de azar en l\u00ednea con una larga historia de \u00e9xito. Nos esforzamos por ofrecer la mejor experiencia de juego a nuestros usuarios, ofreciendo una amplia gama de juegos y apuestas deportivas, as\u00ed como un excelente servicio al cliente.<\/span><\/p>\n<h2><b>Ventajas de Bet365<\/b><\/h2>\n<ol>\n<li style=\"font-weight: 400;\" aria-level=\"1\"><b>Amplia selecci\u00f3n de juegos y apuestas<\/b><span style=\"font-weight: 400;\">: Disfruta de una variedad de juegos de casino, incluidos tragamonedas, juegos de mesa, casino en vivo, y una amplia selecci\u00f3n de eventos deportivos para apostar.<\/span><\/li>\n<li style=\"font-weight: 400;\" aria-level=\"1\"><b>Seguridad y fiabilidad<\/b><span style=\"font-weight: 400;\">: Utilizamos tecnolog\u00edas avanzadas para proteger tus datos y transacciones financieras.<\/span><\/li>\n<li style=\"font-weight: 400;\" aria-level=\"1\"><b>Bonos y promociones<\/b><span style=\"font-weight: 400;\">: Recibe generosos bonos de bienvenida y participa en promociones regulares para aumentar tus ganancias.<\/span><\/li>\n<li style=\"font-weight: 400;\" aria-level=\"1\"><b>M\u00e9todos de pago convenientes<\/b><span style=\"font-weight: 400;\">: Soporte para m\u00e9todos locales de dep\u00f3sito y retiro como UPI, NetBanking y Paytm.<\/span><\/li>\n<li style=\"font-weight: 400;\" aria-level=\"1\"><b>Soporte 24\/7<\/b><span style=\"font-weight: 400;\">: Nuestro servicio de atenci\u00f3n al cliente est\u00e1 disponible las 24 horas del d\u00eda, los 7 d\u00edas de la semana, para resolver cualquiera de tus preguntas.<\/span><\/li>\n<\/ol>\n<h2><b>M\u00e9todos de Registro<\/b><\/h2>\n<p><span style=\"font-weight: 400;\">Registrarse en Bet365 es simple y toma solo unos minutos. Sigue estos pasos:<\/span><\/p>\n<ol>\n<li style=\"font-weight: 400;\" aria-level=\"1\"><b>Visita el sitio web de Bet365<\/b><span style=\"font-weight: 400;\">: Haz clic en el bot\u00f3n \u00abRegistrarse\u00bb en la p\u00e1gina de inicio.<\/span><\/li>\n<li style=\"font-weight: 400;\" aria-level=\"1\"><b>Llena el formulario de registro<\/b><span style=\"font-weight: 400;\">: Ingresa tus datos personales, incluyendo nombre, direcci\u00f3n de correo electr\u00f3nico y n\u00famero de tel\u00e9fono.<\/span><\/li>\n<li style=\"font-weight: 400;\" aria-level=\"1\"><b>Crea un nombre de usuario y una contrase\u00f1a<\/b><span style=\"font-weight: 400;\">: Crea un nombre de usuario y una contrase\u00f1a segura para tu cuenta.<\/span><\/li>\n<li style=\"font-weight: 400;\" aria-level=\"1\"><b>Confirma tu registro<\/b><span style=\"font-weight: 400;\">: Sigue las instrucciones para confirmar tu cuenta a trav\u00e9s de correo electr\u00f3nico o SMS.<\/span><\/li>\n<\/ol>\n<h2><b>C\u00f3mo Depositar Fondos<\/b><\/h2>\n<p><span style=\"font-weight: 400;\">Despu\u00e9s del registro, necesitas recargar tu cuenta para comenzar a jugar:<\/span><\/p>\n<ol>\n<li style=\"font-weight: 400;\" aria-level=\"1\"><b>Inicia sesi\u00f3n en tu cuenta<\/b><span style=\"font-weight: 400;\">: Usa tu nombre de usuario y contrase\u00f1a para iniciar sesi\u00f3n.<\/span><\/li>\n<li style=\"font-weight: 400;\" aria-level=\"1\"><b>Ve a la secci\u00f3n \u00abCajero\u00bb<\/b><span style=\"font-weight: 400;\">: Encuentra el bot\u00f3n \u00abDep\u00f3sito\u00bb o \u00abRecargar\u00bb.<\/span><\/li>\n<li style=\"font-weight: 400;\" aria-level=\"1\"><b>Elige un m\u00e9todo de pago<\/b><span style=\"font-weight: 400;\">: Los m\u00e9todos admitidos incluyen UPI, NetBanking, Paytm y otros m\u00e9todos locales.<\/span><\/li>\n<li style=\"font-weight: 400;\" aria-level=\"1\"><b>Ingresa la cantidad del dep\u00f3sito<\/b><span style=\"font-weight: 400;\">: Especifica la cantidad que deseas depositar.<\/span><\/li>\n<li style=\"font-weight: 400;\" aria-level=\"1\"><b>Confirma la transacci\u00f3n<\/b><span style=\"font-weight: 400;\">: Sigue las instrucciones para completar el pago.<\/span><\/li>\n<\/ol>\n<h2><b>C\u00f3mo Retirar Ganancias<\/b><\/h2>\n<p><span style=\"font-weight: 400;\">Cuando est\u00e9s listo para retirar tus ganancias, sigue estos pasos:<\/span><\/p>\n<ol>\n<li style=\"font-weight: 400;\" aria-level=\"1\"><b>Inicia sesi\u00f3n en tu cuenta<\/b><span style=\"font-weight: 400;\">: Ve a la secci\u00f3n \u00abCajero\u00bb o \u00abRetirar fondos\u00bb.<\/span><\/li>\n<li style=\"font-weight: 400;\" aria-level=\"1\"><b>Elige un m\u00e9todo de retiro<\/b><span style=\"font-weight: 400;\">: Selecciona tu m\u00e9todo preferido, como transferencia bancaria o monedero electr\u00f3nico.<\/span><\/li>\n<li style=\"font-weight: 400;\" aria-level=\"1\"><b>Ingresa la cantidad del retiro<\/b><span style=\"font-weight: 400;\">: Especifica la cantidad que deseas retirar.<\/span><\/li>\n<li style=\"font-weight: 400;\" aria-level=\"1\"><b>Confirma la solicitud<\/b><span style=\"font-weight: 400;\">: Sigue las instrucciones para confirmar el retiro. El procesamiento puede tardar unos d\u00edas h\u00e1biles dependiendo del m\u00e9todo seleccionado.<\/span><\/li>\n<\/ol>\n<h2><b>Juegos y Apuestas Populares<\/b><\/h2>\n<ol>\n<li style=\"font-weight: 400;\" aria-level=\"1\"><b>Tragamonedas<\/b><span style=\"font-weight: 400;\">: Juega a populares m\u00e1quinas tragamonedas con gr\u00e1ficos emocionantes y grandes jackpots.<\/span><\/li>\n<li style=\"font-weight: 400;\" aria-level=\"1\"><b>Juegos de mesa<\/b><span style=\"font-weight: 400;\">: Disfruta de juegos cl\u00e1sicos como blackjack, ruleta y baccarat.<\/span><\/li>\n<li style=\"font-weight: 400;\" aria-level=\"1\"><b>Casino en vivo<\/b><span style=\"font-weight: 400;\">: Experimenta la atm\u00f3sfera de un casino real con crupieres en vivo en tiempo real.<\/span><\/li>\n<li style=\"font-weight: 400;\" aria-level=\"1\"><b>Apuestas deportivas<\/b><span style=\"font-weight: 400;\">: Apuesta en tus eventos deportivos favoritos, incluyendo cricket, f\u00fatbol y tenis.<\/span><\/li>\n<\/ol>\n<h2><b>Conclusi\u00f3n<\/b><\/h2>\n<p><span style=\"font-weight: 400;\">Bet365 es tu socio confiable en el mundo de los juegos de azar en l\u00ednea. \u00danete a nosotros y descubre emocionantes oportunidades para juegos y apuestas. Garantizamos un alto nivel de servicio, seguridad y juego limpio. \u00a1Reg\u00edstrate hoy y comienza tu camino hacia grandes ganancias con Bet365 India!<\/span><\/p>\n","protected":false},"excerpt":{"rendered":"<p>Bet365 es uno de los principales casinos en l\u00ednea y casas de apuestas del mundo, ahora disponible para jugadores de la India. Te ofrecemos una experiencia de juego emocionante con&#8230;<\/p>\n","protected":false},"author":1,"featured_media":0,"parent":0,"menu_order":0,"comment_status":"closed","ping_status":"closed","template":"page-templates\/no-sidebar.php","meta":{"footnotes":""},"class_list":["post-7","page","type-page","status-publish","hentry"],"yoast_head":"<!-- This site is optimized with the Yoast SEO plugin v27.2 - https:\/\/yoast.com\/product\/yoast-seo-wordpress\/ -->\n<title>\u041e\u043d\u043b\u0430\u0439\u043d \u043a\u0430\u0437\u0438\u043d\u043e Bet365 \u0432 \u0418\u043d\u0434\u0438\u0438<\/title>\n<meta name=\"description\" content=\"Juega y Gana en el Casino en L\u00ednea Bet365. Tragamonedas, Juegos en L\u00ednea, Juegos Crash, Ruleta, P\u00f3ker. Deposite Dinero, Retire las Ganancias\" \/>\n<meta name=\"robots\" content=\"index, follow, max-snippet:-1, max-image-preview:large, max-video-preview:-1\" \/>\n<link rel=\"canonical\" href=\"https:\/\/bet365-official-india.org\/es\/\" \/>\n<meta property=\"og:locale\" content=\"es_ES\" \/>\n<meta property=\"og:locale:alternate\" content=\"ru_RU\" \/>\n<meta property=\"og:locale:alternate\" content=\"en_US\" \/>\n<meta property=\"og:locale:alternate\" content=\"pt_PT\" \/>\n<meta property=\"og:locale:alternate\" content=\"fr_FR\" \/>\n<meta property=\"og:locale:alternate\" content=\"bg_BG\" \/>\n<meta property=\"og:locale:alternate\" content=\"sr_RS\" \/>\n<meta property=\"og:type\" content=\"article\" \/>\n<meta property=\"og:title\" content=\"\u041e\u043d\u043b\u0430\u0439\u043d \u043a\u0430\u0437\u0438\u043d\u043e Bet365 \u0432 \u0418\u043d\u0434\u0438\u0438\" \/>\n<meta property=\"og:description\" content=\"\u0418\u0433\u0440\u0430\u0442\u044c \u0438 \u043f\u043e\u0431\u0435\u0436\u0434\u0430\u0442\u044c \u0432 \u043e\u043d\u043b\u0430\u0439\u043d \u043a\u0430\u0437\u0438\u043d\u043e Bet365. \u0421\u043b\u043e\u0442\u044b, \u043e\u043d\u043b\u0430\u0439\u043d \u0438\u0433\u0440\u044b, \u043a\u0440\u0430\u0448 \u0438\u0433\u0440\u044b, \u0440\u0443\u043b\u0435\u0442\u043a\u0430, \u043f\u043e\u043a\u0435\u0440. \u0412\u043d\u0435\u0441\u0442\u0438 \u0434\u0435\u043f\u043e\u0437\u0438\u0442, \u0432\u044b\u0432\u0435\u0441\u0442\u0438 \u0432\u044b\u0438\u0433\u0440\u044b\u0448\" \/>\n<meta property=\"og:url\" content=\"https:\/\/bet365-official-india.org\/es\/\" \/>\n<meta property=\"og:site_name\" content=\"India\" \/>\n<meta property=\"article:modified_time\" content=\"2024-06-10T00:35:43+00:00\" \/>\n<meta name=\"twitter:card\" content=\"summary_large_image\" \/>\n<meta name=\"twitter:label1\" content=\"Tiempo de lectura\" \/>\n\t<meta name=\"twitter:data1\" content=\"12 minutos\" \/>\n<script type=\"application\/ld+json\" class=\"yoast-schema-graph\">{\"@context\":\"https:\/\/schema.org\",\"@graph\":[{\"@type\":\"WebPage\",\"@id\":\"https:\/\/bet365-official-india.org\/\",\"url\":\"https:\/\/bet365-official-india.org\/\",\"name\":\"\u041e\u043d\u043b\u0430\u0439\u043d \u043a\u0430\u0437\u0438\u043d\u043e Bet365 \u0432 \u0418\u043d\u0434\u0438\u0438\",\"isPartOf\":{\"@id\":\"https:\/\/bet365-official-india.org\/#website\"},\"datePublished\":\"2024-06-05T21:32:01+00:00\",\"dateModified\":\"2024-06-10T00:35:43+00:00\",\"description\":\"\u0418\u0433\u0440\u0430\u0442\u044c \u0438 \u043f\u043e\u0431\u0435\u0436\u0434\u0430\u0442\u044c \u0432 \u043e\u043d\u043b\u0430\u0439\u043d \u043a\u0430\u0437\u0438\u043d\u043e Bet365. \u0421\u043b\u043e\u0442\u044b, \u043e\u043d\u043b\u0430\u0439\u043d \u0438\u0433\u0440\u044b, \u043a\u0440\u0430\u0448 \u0438\u0433\u0440\u044b, \u0440\u0443\u043b\u0435\u0442\u043a\u0430, \u043f\u043e\u043a\u0435\u0440. \u0412\u043d\u0435\u0441\u0442\u0438 \u0434\u0435\u043f\u043e\u0437\u0438\u0442, \u0432\u044b\u0432\u0435\u0441\u0442\u0438 \u0432\u044b\u0438\u0433\u0440\u044b\u0448\",\"breadcrumb\":{\"@id\":\"https:\/\/bet365-official-india.org\/#breadcrumb\"},\"inLanguage\":\"es-ES\",\"potentialAction\":[{\"@type\":\"ReadAction\",\"target\":[\"https:\/\/bet365-official-india.org\/\"]}]},{\"@type\":\"BreadcrumbList\",\"@id\":\"https:\/\/bet365-official-india.org\/#breadcrumb\",\"itemListElement\":[{\"@type\":\"ListItem\",\"position\":1,\"name\":\"Home\",\"item\":\"https:\/\/bet365-official-india.org\/\"},{\"@type\":\"ListItem\",\"position\":2,\"name\":\"Bet365 \u0418\u043d\u0434\u0438\u044f\"}]},{\"@type\":\"WebSite\",\"@id\":\"https:\/\/bet365-official-india.org\/#website\",\"url\":\"https:\/\/bet365-official-india.org\/\",\"name\":\"India\",\"description\":\"\",\"potentialAction\":[{\"@type\":\"SearchAction\",\"target\":{\"@type\":\"EntryPoint\",\"urlTemplate\":\"https:\/\/bet365-official-india.org\/?s={search_term_string}\"},\"query-input\":{\"@type\":\"PropertyValueSpecification\",\"valueRequired\":true,\"valueName\":\"search_term_string\"}}],\"inLanguage\":\"es-ES\"}]}<\/script>\n<!-- \/ Yoast SEO plugin. -->","yoast_head_json":{"title":"\u041e\u043d\u043b\u0430\u0439\u043d \u043a\u0430\u0437\u0438\u043d\u043e Bet365 \u0432 \u0418\u043d\u0434\u0438\u0438","description":"Juega y Gana en el Casino en L\u00ednea Bet365. Tragamonedas, Juegos en L\u00ednea, Juegos Crash, Ruleta, P\u00f3ker. Deposite Dinero, Retire las Ganancias","robots":{"index":"index","follow":"follow","max-snippet":"max-snippet:-1","max-image-preview":"max-image-preview:large","max-video-preview":"max-video-preview:-1"},"canonical":"https:\/\/bet365-official-india.org\/es\/","og_locale":"es_ES","og_type":"article","og_title":"\u041e\u043d\u043b\u0430\u0439\u043d \u043a\u0430\u0437\u0438\u043d\u043e Bet365 \u0432 \u0418\u043d\u0434\u0438\u0438","og_description":"\u0418\u0433\u0440\u0430\u0442\u044c \u0438 \u043f\u043e\u0431\u0435\u0436\u0434\u0430\u0442\u044c \u0432 \u043e\u043d\u043b\u0430\u0439\u043d \u043a\u0430\u0437\u0438\u043d\u043e Bet365. \u0421\u043b\u043e\u0442\u044b, \u043e\u043d\u043b\u0430\u0439\u043d \u0438\u0433\u0440\u044b, \u043a\u0440\u0430\u0448 \u0438\u0433\u0440\u044b, \u0440\u0443\u043b\u0435\u0442\u043a\u0430, \u043f\u043e\u043a\u0435\u0440. \u0412\u043d\u0435\u0441\u0442\u0438 \u0434\u0435\u043f\u043e\u0437\u0438\u0442, \u0432\u044b\u0432\u0435\u0441\u0442\u0438 \u0432\u044b\u0438\u0433\u0440\u044b\u0448","og_url":"https:\/\/bet365-official-india.org\/es\/","og_site_name":"India","article_modified_time":"2024-06-10T00:35:43+00:00","twitter_card":"summary_large_image","twitter_misc":{"Tiempo de lectura":"12 minutos"},"schema":{"@context":"https:\/\/schema.org","@graph":[{"@type":"WebPage","@id":"https:\/\/bet365-official-india.org\/","url":"https:\/\/bet365-official-india.org\/","name":"\u041e\u043d\u043b\u0430\u0439\u043d \u043a\u0430\u0437\u0438\u043d\u043e Bet365 \u0432 \u0418\u043d\u0434\u0438\u0438","isPartOf":{"@id":"https:\/\/bet365-official-india.org\/#website"},"datePublished":"2024-06-05T21:32:01+00:00","dateModified":"2024-06-10T00:35:43+00:00","description":"\u0418\u0433\u0440\u0430\u0442\u044c \u0438 \u043f\u043e\u0431\u0435\u0436\u0434\u0430\u0442\u044c \u0432 \u043e\u043d\u043b\u0430\u0439\u043d \u043a\u0430\u0437\u0438\u043d\u043e Bet365. \u0421\u043b\u043e\u0442\u044b, \u043e\u043d\u043b\u0430\u0439\u043d \u0438\u0433\u0440\u044b, \u043a\u0440\u0430\u0448 \u0438\u0433\u0440\u044b, \u0440\u0443\u043b\u0435\u0442\u043a\u0430, \u043f\u043e\u043a\u0435\u0440. \u0412\u043d\u0435\u0441\u0442\u0438 \u0434\u0435\u043f\u043e\u0437\u0438\u0442, \u0432\u044b\u0432\u0435\u0441\u0442\u0438 \u0432\u044b\u0438\u0433\u0440\u044b\u0448","breadcrumb":{"@id":"https:\/\/bet365-official-india.org\/#breadcrumb"},"inLanguage":"es-ES","potentialAction":[{"@type":"ReadAction","target":["https:\/\/bet365-official-india.org\/"]}]},{"@type":"BreadcrumbList","@id":"https:\/\/bet365-official-india.org\/#breadcrumb","itemListElement":[{"@type":"ListItem","position":1,"name":"Home","item":"https:\/\/bet365-official-india.org\/"},{"@type":"ListItem","position":2,"name":"Bet365 \u0418\u043d\u0434\u0438\u044f"}]},{"@type":"WebSite","@id":"https:\/\/bet365-official-india.org\/#website","url":"https:\/\/bet365-official-india.org\/","name":"India","description":"","potentialAction":[{"@type":"SearchAction","target":{"@type":"EntryPoint","urlTemplate":"https:\/\/bet365-official-india.org\/?s={search_term_string}"},"query-input":{"@type":"PropertyValueSpecification","valueRequired":true,"valueName":"search_term_string"}}],"inLanguage":"es-ES"}]}},"_links":{"self":[{"href":"https:\/\/bet365-official-india.org\/es\/wp-json\/wp\/v2\/pages\/7","targetHints":{"allow":["GET"]}}],"collection":[{"href":"https:\/\/bet365-official-india.org\/es\/wp-json\/wp\/v2\/pages"}],"about":[{"href":"https:\/\/bet365-official-india.org\/es\/wp-json\/wp\/v2\/types\/page"}],"author":[{"embeddable":true,"href":"https:\/\/bet365-official-india.org\/es\/wp-json\/wp\/v2\/users\/1"}],"replies":[{"embeddable":true,"href":"https:\/\/bet365-official-india.org\/es\/wp-json\/wp\/v2\/comments?post=7"}],"version-history":[{"count":12,"href":"https:\/\/bet365-official-india.org\/es\/wp-json\/wp\/v2\/pages\/7\/revisions"}],"predecessor-version":[{"id":78,"href":"https:\/\/bet365-official-india.org\/es\/wp-json\/wp\/v2\/pages\/7\/revisions\/78"}],"wp:attachment":[{"href":"https:\/\/bet365-official-india.org\/es\/wp-json\/wp\/v2\/media?parent=7"}],"curies":[{"name":"wp","href":"https:\/\/api.w.org\/{rel}","templated":true}]}}