{"id":11,"date":"2024-06-06T00:33:51","date_gmt":"2024-06-05T21:33:51","guid":{"rendered":"https:\/\/bet365-official-india.org\/?page_id=11"},"modified":"2024-06-10T03:35:47","modified_gmt":"2024-06-10T00:35:47","slug":"bet365-a-leading-world-class-bookmaker","status":"publish","type":"page","link":"https:\/\/bet365-official-india.org\/es\/bet365-a-leading-world-class-bookmaker\/","title":{"rendered":"Bet365: Un Corredor de Apuestas L\u00edder de Clase Mundial"},"content":{"rendered":"<p><span style=\"font-weight: 400;\">Bet365: uno de los mayores y m\u00e1s respetados corredores de apuestas del mundo, que ofrece una amplia gama de servicios en apuestas deportivas y juegos de azar. Fundada en 2000 en el Reino Unido, Bet365 r\u00e1pidamente gan\u00f3 popularidad debido a su innovaci\u00f3n, confiabilidad y excelente servicio al cliente. En este art\u00edculo, analizaremos los aspectos clave que hacen de Bet365 un corredor de apuestas l\u00edder a nivel mundial.<\/span><\/p>\n<h2><b>Amplia Gama de Apuestas Deportivas<\/b><\/h2>\n<p><span style=\"font-weight: 400;\">Bet365 ofrece a sus usuarios la oportunidad de apostar en una gran cantidad de eventos deportivos. Los deportes ofrecidos incluyen:<\/span><\/p>\n<ul>\n<li style=\"font-weight: 400;\" aria-level=\"1\"><b>F\u00fatbol<\/b><span style=\"font-weight: 400;\">: Apuestas en todas las ligas y torneos importantes, incluyendo la Premier League, La Liga, Bundesliga, Champions League y muchos otros.<\/span><\/li>\n<li style=\"font-weight: 400;\" aria-level=\"1\"><b>Cricket<\/b><span style=\"font-weight: 400;\">: Se presta especial atenci\u00f3n al cricket, especialmente popular en India, con opciones de apuestas en IPL, partidos internacionales y otros torneos significativos.<\/span><\/li>\n<li style=\"font-weight: 400;\" aria-level=\"1\"><b>Tenis<\/b><span style=\"font-weight: 400;\">: Apuestas en todos los torneos importantes, incluyendo los torneos de Grand Slam, ATP y WTA.<\/span><\/li>\n<li style=\"font-weight: 400;\" aria-level=\"1\"><b>Baloncesto<\/b><span style=\"font-weight: 400;\">: NBA, Euroleague y otras competiciones internacionales.<\/span><\/li>\n<li style=\"font-weight: 400;\" aria-level=\"1\"><b>E-sports<\/b><span style=\"font-weight: 400;\">: Una amplia gama de apuestas en disciplinas populares de deportes electr\u00f3nicos.<\/span><\/li>\n<\/ul>\n<h2><b>Transmisiones en Vivo y Apuestas en Juego<\/b><\/h2>\n<p><span style=\"font-weight: 400;\">Una de las principales caracter\u00edsticas de Bet365 es la capacidad de realizar apuestas en tiempo real. La plataforma ofrece:<\/span><\/p>\n<ul>\n<li style=\"font-weight: 400;\" aria-level=\"1\"><b>Transmisiones en Vivo<\/b><span style=\"font-weight: 400;\">: Bet365 transmite m\u00e1s de 140,000 eventos deportivos al a\u00f1o, lo que permite a los usuarios ver juegos y realizar apuestas simult\u00e1neamente.<\/span><\/li>\n<li style=\"font-weight: 400;\" aria-level=\"1\"><b>Apuestas en Juego<\/b><span style=\"font-weight: 400;\">: Los usuarios pueden realizar apuestas durante el partido, utilizando cuotas que cambian din\u00e1micamente.<\/span><\/li>\n<\/ul>\n<h2><b>Casino y Juegos de Azar<\/b><\/h2>\n<p><span style=\"font-weight: 400;\">Adem\u00e1s de las apuestas deportivas, Bet365 ofrece una variedad de juegos de azar, incluyendo:<\/span><\/p>\n<ul>\n<li style=\"font-weight: 400;\" aria-level=\"1\"><b>Tragamonedas<\/b><span style=\"font-weight: 400;\">: Una gran selecci\u00f3n de m\u00e1quinas tragamonedas con diferentes temas y caracter\u00edsticas de bonificaci\u00f3n.<\/span><\/li>\n<li style=\"font-weight: 400;\" aria-level=\"1\"><b>Juegos de Mesa<\/b><span style=\"font-weight: 400;\">: Juegos cl\u00e1sicos como blackjack, ruleta y baccarat.<\/span><\/li>\n<li style=\"font-weight: 400;\" aria-level=\"1\"><b>Casino en Vivo<\/b><span style=\"font-weight: 400;\">: Juegos con crupier en vivo en tiempo real, creando la atm\u00f3sfera de un casino real.<\/span><\/li>\n<\/ul>\n<h2><b>Aplicaci\u00f3n M\u00f3vil<\/b><\/h2>\n<p><span style=\"font-weight: 400;\">Bet365 ofrece una aplicaci\u00f3n m\u00f3vil conveniente, disponible para dispositivos iOS y Android. La aplicaci\u00f3n permite a los usuarios realizar apuestas, ver transmisiones y gestionar sus cuentas en cualquier momento y lugar.<\/span><\/p>\n<h2><b>Seguridad y Confiabilidad<\/b><\/h2>\n<p><span style=\"font-weight: 400;\">Bet365 presta especial atenci\u00f3n a la seguridad de sus usuarios. La plataforma utiliza tecnolog\u00edas avanzadas de encriptaci\u00f3n para proteger los datos personales y las transacciones financieras. Bet365 tambi\u00e9n est\u00e1 regulada y cuenta con licencia de autoridades respetadas, garantizando la equidad y transparencia de todas las operaciones.<\/span><\/p>\n<h2><b>Bonos y Promociones<\/b><\/h2>\n<p><span style=\"font-weight: 400;\">Bet365 ofrece varios bonos y promociones para usuarios nuevos y existentes. Las ofertas populares incluyen:<\/span><\/p>\n<ul>\n<li style=\"font-weight: 400;\" aria-level=\"1\"><b>Bonos de Bienvenida<\/b><span style=\"font-weight: 400;\">: Generosos bonos en el primer dep\u00f3sito para nuevos jugadores.<\/span><\/li>\n<li style=\"font-weight: 400;\" aria-level=\"1\"><b>Apostas Gr\u00e1tis<\/b><span style=\"font-weight: 400;\">: Promociones que permiten a los usuarios recibir apuestas gratuitas en varios eventos deportivos.<\/span><\/li>\n<li style=\"font-weight: 400;\" aria-level=\"1\"><b>Reembolso<\/b><span style=\"font-weight: 400;\">: Devoluci\u00f3n parcial de fondos perdidos en forma de reembolso.<\/span><\/li>\n<\/ul>\n<h2><b>Soporte al Cliente<\/b><\/h2>\n<p><span style=\"font-weight: 400;\">Bet365 proporciona soporte al cliente de alta calidad a trav\u00e9s de varios canales, incluyendo:<\/span><\/p>\n<ul>\n<li style=\"font-weight: 400;\" aria-level=\"1\"><b>Chat en Vivo<\/b><span style=\"font-weight: 400;\">: Soporte en tiempo real las 24 horas del d\u00eda.<\/span><\/li>\n<li style=\"font-weight: 400;\" aria-level=\"1\"><b>Correo Electr\u00f3nico<\/b><span style=\"font-weight: 400;\">: Respuestas r\u00e1pidas a consultas.<\/span><\/li>\n<li style=\"font-weight: 400;\" aria-level=\"1\"><b>Tel\u00e9fono<\/b><span style=\"font-weight: 400;\">: Capacidad de contactar con representantes de soporte por tel\u00e9fono.<\/span><\/li>\n<\/ul>\n<p><span style=\"font-weight: 400;\">Bet365 es una casa de apuestas fiable e innovadora que ofrece a sus usuarios amplias oportunidades para apostar en deportes y juegos de azar. Con una amplia gama de eventos deportivos, apuestas en tiempo real, una aplicaci\u00f3n m\u00f3vil de calidad y excelente atenci\u00f3n al cliente, Bet365 ocupa leg\u00edtimamente una posici\u00f3n de liderazgo en el mercado. Ya sea que seas un principiante o un jugador experimentado, Bet365 proporciona todas las herramientas necesarias para apostar con \u00e9xito y disfrutar de juegos emocionantes. \u00a1\u00danete a Bet365 y disfruta de una experiencia de juego inigualable!<\/span><\/p>\n","protected":false},"excerpt":{"rendered":"<p>Bet365: uno de los mayores y m\u00e1s respetados corredores de apuestas del mundo, que ofrece una amplia gama de servicios en apuestas deportivas y juegos de azar. Fundada en 2000&#8230;<\/p>\n","protected":false},"author":1,"featured_media":0,"parent":0,"menu_order":0,"comment_status":"closed","ping_status":"closed","template":"page-templates\/no-sidebar.php","meta":{"footnotes":""},"class_list":["post-11","page","type-page","status-publish","hentry"],"yoast_head":"<!-- This site is optimized with the Yoast SEO plugin v27.2 - https:\/\/yoast.com\/product\/yoast-seo-wordpress\/ -->\n<title>\u0412\u0435\u0434\u0443\u0449\u0438\u0439 \u043c\u0438\u0440\u043e\u0432\u043e\u0439 \u0431\u0443\u043a\u043c\u0435\u043a\u0435\u0440 Bet365<\/title>\n<meta name=\"description\" content=\"La Mejor Casa de Apuestas en India Bet365. Haga Apuestas en Deportes. F\u00fatbol, Cr\u00edquet, Hockey. Apuestas en los Mejores Eventos Deportivos del Mundo\" \/>\n<meta name=\"robots\" content=\"index, follow, max-snippet:-1, max-image-preview:large, max-video-preview:-1\" \/>\n<link rel=\"canonical\" href=\"https:\/\/bet365-official-india.org\/es\/bet365-a-leading-world-class-bookmaker\/\" \/>\n<meta property=\"og:locale\" content=\"es_ES\" \/>\n<meta property=\"og:locale:alternate\" content=\"ru_RU\" \/>\n<meta property=\"og:locale:alternate\" content=\"en_US\" \/>\n<meta property=\"og:locale:alternate\" content=\"pt_PT\" \/>\n<meta property=\"og:locale:alternate\" content=\"fr_FR\" \/>\n<meta property=\"og:locale:alternate\" content=\"bg_BG\" \/>\n<meta property=\"og:locale:alternate\" content=\"sr_RS\" \/>\n<meta property=\"og:type\" content=\"article\" \/>\n<meta property=\"og:title\" content=\"\u0412\u0435\u0434\u0443\u0449\u0438\u0439 \u043c\u0438\u0440\u043e\u0432\u043e\u0439 \u0431\u0443\u043a\u043c\u0435\u043a\u0435\u0440 Bet365\" \/>\n<meta property=\"og:description\" content=\"\u041b\u0443\u0447\u0448\u0438\u0439 \u0431\u0443\u043a\u043c\u0435\u043a\u0435\u0440 \u0432 \u0418\u043d\u0434\u0438\u0438 Bet365. \u0414\u0435\u043b\u0430\u0442\u044c \u0441\u0442\u0430\u0432\u043a\u0438 \u043d\u0430 \u0441\u043f\u043e\u0440\u0442. \u0424\u0443\u0442\u0431\u043e\u043b, \u043a\u0440\u0438\u043a\u0435\u0442, \u0445\u043e\u043a\u043a\u0435\u0439. \u0421\u0442\u0430\u0432\u043a\u0438 \u043d\u0430 \u043b\u0443\u0447\u0448\u0438\u0435 \u0441\u043f\u043e\u0440\u0442\u0438\u0432\u043d\u044b\u0435 \u0441\u043e\u0431\u044b\u0442\u0438\u044f \u0432 \u043c\u0438\u0440\u0435\" \/>\n<meta property=\"og:url\" content=\"https:\/\/bet365-official-india.org\/es\/bet365-a-leading-world-class-bookmaker\/\" \/>\n<meta property=\"og:site_name\" content=\"India\" \/>\n<meta property=\"article:modified_time\" content=\"2024-06-10T00:35:47+00:00\" \/>\n<meta name=\"twitter:card\" content=\"summary_large_image\" \/>\n<meta name=\"twitter:label1\" content=\"Tiempo de lectura\" \/>\n\t<meta name=\"twitter:data1\" content=\"12 minutos\" \/>\n<script type=\"application\/ld+json\" class=\"yoast-schema-graph\">{\"@context\":\"https:\/\/schema.org\",\"@graph\":[{\"@type\":\"WebPage\",\"@id\":\"https:\/\/bet365-official-india.org\/bet365-a-leading-world-class-bookmaker\/\",\"url\":\"https:\/\/bet365-official-india.org\/bet365-a-leading-world-class-bookmaker\/\",\"name\":\"\u0412\u0435\u0434\u0443\u0449\u0438\u0439 \u043c\u0438\u0440\u043e\u0432\u043e\u0439 \u0431\u0443\u043a\u043c\u0435\u043a\u0435\u0440 Bet365\",\"isPartOf\":{\"@id\":\"https:\/\/bet365-official-india.org\/#website\"},\"datePublished\":\"2024-06-05T21:33:51+00:00\",\"dateModified\":\"2024-06-10T00:35:47+00:00\",\"description\":\"\u041b\u0443\u0447\u0448\u0438\u0439 \u0431\u0443\u043a\u043c\u0435\u043a\u0435\u0440 \u0432 \u0418\u043d\u0434\u0438\u0438 Bet365. \u0414\u0435\u043b\u0430\u0442\u044c \u0441\u0442\u0430\u0432\u043a\u0438 \u043d\u0430 \u0441\u043f\u043e\u0440\u0442. \u0424\u0443\u0442\u0431\u043e\u043b, \u043a\u0440\u0438\u043a\u0435\u0442, \u0445\u043e\u043a\u043a\u0435\u0439. \u0421\u0442\u0430\u0432\u043a\u0438 \u043d\u0430 \u043b\u0443\u0447\u0448\u0438\u0435 \u0441\u043f\u043e\u0440\u0442\u0438\u0432\u043d\u044b\u0435 \u0441\u043e\u0431\u044b\u0442\u0438\u044f \u0432 \u043c\u0438\u0440\u0435\",\"breadcrumb\":{\"@id\":\"https:\/\/bet365-official-india.org\/bet365-a-leading-world-class-bookmaker\/#breadcrumb\"},\"inLanguage\":\"es-ES\",\"potentialAction\":[{\"@type\":\"ReadAction\",\"target\":[\"https:\/\/bet365-official-india.org\/bet365-a-leading-world-class-bookmaker\/\"]}]},{\"@type\":\"BreadcrumbList\",\"@id\":\"https:\/\/bet365-official-india.org\/bet365-a-leading-world-class-bookmaker\/#breadcrumb\",\"itemListElement\":[{\"@type\":\"ListItem\",\"position\":1,\"name\":\"Home\",\"item\":\"https:\/\/bet365-official-india.org\/\"},{\"@type\":\"ListItem\",\"position\":2,\"name\":\"Bet365: \u0412\u0435\u0434\u0443\u0449\u0438\u0439 \u0431\u0443\u043a\u043c\u0435\u043a\u0435\u0440 \u043c\u0438\u0440\u043e\u0432\u043e\u0433\u043e \u0443\u0440\u043e\u0432\u043d\u044f\"}]},{\"@type\":\"WebSite\",\"@id\":\"https:\/\/bet365-official-india.org\/#website\",\"url\":\"https:\/\/bet365-official-india.org\/\",\"name\":\"India\",\"description\":\"\",\"potentialAction\":[{\"@type\":\"SearchAction\",\"target\":{\"@type\":\"EntryPoint\",\"urlTemplate\":\"https:\/\/bet365-official-india.org\/?s={search_term_string}\"},\"query-input\":{\"@type\":\"PropertyValueSpecification\",\"valueRequired\":true,\"valueName\":\"search_term_string\"}}],\"inLanguage\":\"es-ES\"}]}<\/script>\n<!-- \/ Yoast SEO plugin. -->","yoast_head_json":{"title":"\u0412\u0435\u0434\u0443\u0449\u0438\u0439 \u043c\u0438\u0440\u043e\u0432\u043e\u0439 \u0431\u0443\u043a\u043c\u0435\u043a\u0435\u0440 Bet365","description":"La Mejor Casa de Apuestas en India Bet365. Haga Apuestas en Deportes. F\u00fatbol, Cr\u00edquet, Hockey. Apuestas en los Mejores Eventos Deportivos del Mundo","robots":{"index":"index","follow":"follow","max-snippet":"max-snippet:-1","max-image-preview":"max-image-preview:large","max-video-preview":"max-video-preview:-1"},"canonical":"https:\/\/bet365-official-india.org\/es\/bet365-a-leading-world-class-bookmaker\/","og_locale":"es_ES","og_type":"article","og_title":"\u0412\u0435\u0434\u0443\u0449\u0438\u0439 \u043c\u0438\u0440\u043e\u0432\u043e\u0439 \u0431\u0443\u043a\u043c\u0435\u043a\u0435\u0440 Bet365","og_description":"\u041b\u0443\u0447\u0448\u0438\u0439 \u0431\u0443\u043a\u043c\u0435\u043a\u0435\u0440 \u0432 \u0418\u043d\u0434\u0438\u0438 Bet365. \u0414\u0435\u043b\u0430\u0442\u044c \u0441\u0442\u0430\u0432\u043a\u0438 \u043d\u0430 \u0441\u043f\u043e\u0440\u0442. \u0424\u0443\u0442\u0431\u043e\u043b, \u043a\u0440\u0438\u043a\u0435\u0442, \u0445\u043e\u043a\u043a\u0435\u0439. \u0421\u0442\u0430\u0432\u043a\u0438 \u043d\u0430 \u043b\u0443\u0447\u0448\u0438\u0435 \u0441\u043f\u043e\u0440\u0442\u0438\u0432\u043d\u044b\u0435 \u0441\u043e\u0431\u044b\u0442\u0438\u044f \u0432 \u043c\u0438\u0440\u0435","og_url":"https:\/\/bet365-official-india.org\/es\/bet365-a-leading-world-class-bookmaker\/","og_site_name":"India","article_modified_time":"2024-06-10T00:35:47+00:00","twitter_card":"summary_large_image","twitter_misc":{"Tiempo de lectura":"12 minutos"},"schema":{"@context":"https:\/\/schema.org","@graph":[{"@type":"WebPage","@id":"https:\/\/bet365-official-india.org\/bet365-a-leading-world-class-bookmaker\/","url":"https:\/\/bet365-official-india.org\/bet365-a-leading-world-class-bookmaker\/","name":"\u0412\u0435\u0434\u0443\u0449\u0438\u0439 \u043c\u0438\u0440\u043e\u0432\u043e\u0439 \u0431\u0443\u043a\u043c\u0435\u043a\u0435\u0440 Bet365","isPartOf":{"@id":"https:\/\/bet365-official-india.org\/#website"},"datePublished":"2024-06-05T21:33:51+00:00","dateModified":"2024-06-10T00:35:47+00:00","description":"\u041b\u0443\u0447\u0448\u0438\u0439 \u0431\u0443\u043a\u043c\u0435\u043a\u0435\u0440 \u0432 \u0418\u043d\u0434\u0438\u0438 Bet365. \u0414\u0435\u043b\u0430\u0442\u044c \u0441\u0442\u0430\u0432\u043a\u0438 \u043d\u0430 \u0441\u043f\u043e\u0440\u0442. \u0424\u0443\u0442\u0431\u043e\u043b, \u043a\u0440\u0438\u043a\u0435\u0442, \u0445\u043e\u043a\u043a\u0435\u0439. \u0421\u0442\u0430\u0432\u043a\u0438 \u043d\u0430 \u043b\u0443\u0447\u0448\u0438\u0435 \u0441\u043f\u043e\u0440\u0442\u0438\u0432\u043d\u044b\u0435 \u0441\u043e\u0431\u044b\u0442\u0438\u044f \u0432 \u043c\u0438\u0440\u0435","breadcrumb":{"@id":"https:\/\/bet365-official-india.org\/bet365-a-leading-world-class-bookmaker\/#breadcrumb"},"inLanguage":"es-ES","potentialAction":[{"@type":"ReadAction","target":["https:\/\/bet365-official-india.org\/bet365-a-leading-world-class-bookmaker\/"]}]},{"@type":"BreadcrumbList","@id":"https:\/\/bet365-official-india.org\/bet365-a-leading-world-class-bookmaker\/#breadcrumb","itemListElement":[{"@type":"ListItem","position":1,"name":"Home","item":"https:\/\/bet365-official-india.org\/"},{"@type":"ListItem","position":2,"name":"Bet365: \u0412\u0435\u0434\u0443\u0449\u0438\u0439 \u0431\u0443\u043a\u043c\u0435\u043a\u0435\u0440 \u043c\u0438\u0440\u043e\u0432\u043e\u0433\u043e \u0443\u0440\u043e\u0432\u043d\u044f"}]},{"@type":"WebSite","@id":"https:\/\/bet365-official-india.org\/#website","url":"https:\/\/bet365-official-india.org\/","name":"India","description":"","potentialAction":[{"@type":"SearchAction","target":{"@type":"EntryPoint","urlTemplate":"https:\/\/bet365-official-india.org\/?s={search_term_string}"},"query-input":{"@type":"PropertyValueSpecification","valueRequired":true,"valueName":"search_term_string"}}],"inLanguage":"es-ES"}]}},"_links":{"self":[{"href":"https:\/\/bet365-official-india.org\/es\/wp-json\/wp\/v2\/pages\/11","targetHints":{"allow":["GET"]}}],"collection":[{"href":"https:\/\/bet365-official-india.org\/es\/wp-json\/wp\/v2\/pages"}],"about":[{"href":"https:\/\/bet365-official-india.org\/es\/wp-json\/wp\/v2\/types\/page"}],"author":[{"embeddable":true,"href":"https:\/\/bet365-official-india.org\/es\/wp-json\/wp\/v2\/users\/1"}],"replies":[{"embeddable":true,"href":"https:\/\/bet365-official-india.org\/es\/wp-json\/wp\/v2\/comments?post=11"}],"version-history":[{"count":14,"href":"https:\/\/bet365-official-india.org\/es\/wp-json\/wp\/v2\/pages\/11\/revisions"}],"predecessor-version":[{"id":79,"href":"https:\/\/bet365-official-india.org\/es\/wp-json\/wp\/v2\/pages\/11\/revisions\/79"}],"wp:attachment":[{"href":"https:\/\/bet365-official-india.org\/es\/wp-json\/wp\/v2\/media?parent=11"}],"curies":[{"name":"wp","href":"https:\/\/api.w.org\/{rel}","templated":true}]}}